{"id":101,"date":"2013-09-12T20:16:18","date_gmt":"2013-09-12T18:16:18","guid":{"rendered":"http:\/\/www.hongkong-express.be\/?page_id=101"},"modified":"2023-02-19T13:55:28","modified_gmt":"2023-02-19T12:55:28","slug":"menu-c1","status":"publish","type":"page","link":"https:\/\/hongkong-express.be\/?page_id=101","title":{"rendered":"Menu C"},"content":{"rendered":"<p><strong>Menu C \u00e0 92,00 \u20ac (pour 4 personnes)<\/strong><\/p>\n<ul>\n<li>Potage Wan Tan ou potage au poivre oriental<\/li>\n<li>Scampis sauce piquante<\/li>\n<li>Beignets de porc \u00e0 la sauce aigre-douce<\/li>\n<li>Filet de boeuf aux l\u00e9gumes vari\u00e9s<\/li>\n<li>Canard aux ananas<\/li>\n<li>Nouilles saut\u00e9es aux trois d\u00e9lices<\/li>\n<li>Riz saut\u00e9 cantonnais<\/li>\n<\/ul>\n","protected":false},"excerpt":{"rendered":"<p>Menu C \u00e0 92,00 \u20ac (pour 4 personnes) Potage Wan Tan ou potage au poivre oriental Scampis sauce piquante Beignets de porc \u00e0 la sauce aigre-douce Filet de boeuf aux l\u00e9gumes vari\u00e9s Canard aux ananas Nouilles saut\u00e9es aux trois d\u00e9lices &hellip; <a class=\"more-link\" href=\"https:\/\/hongkong-express.be\/?page_id=101\">Lire la suite <span class=\"meta-nav\">&rarr;<\/span><\/a><\/p>\n","protected":false},"author":1,"featured_media":0,"parent":0,"menu_order":0,"comment_status":"closed","ping_status":"closed","template":"","meta":{"footnotes":""},"class_list":["post-101","page","type-page","status-publish","hentry"],"_links":{"self":[{"href":"https:\/\/hongkong-express.be\/index.php?rest_route=\/wp\/v2\/pages\/101","targetHints":{"allow":["GET"]}}],"collection":[{"href":"https:\/\/hongkong-express.be\/index.php?rest_route=\/wp\/v2\/pages"}],"about":[{"href":"https:\/\/hongkong-express.be\/index.php?rest_route=\/wp\/v2\/types\/page"}],"author":[{"embeddable":true,"href":"https:\/\/hongkong-express.be\/index.php?rest_route=\/wp\/v2\/users\/1"}],"replies":[{"embeddable":true,"href":"https:\/\/hongkong-express.be\/index.php?rest_route=%2Fwp%2Fv2%2Fcomments&post=101"}],"version-history":[{"count":12,"href":"https:\/\/hongkong-express.be\/index.php?rest_route=\/wp\/v2\/pages\/101\/revisions"}],"predecessor-version":[{"id":765,"href":"https:\/\/hongkong-express.be\/index.php?rest_route=\/wp\/v2\/pages\/101\/revisions\/765"}],"wp:attachment":[{"href":"https:\/\/hongkong-express.be\/index.php?rest_route=%2Fwp%2Fv2%2Fmedia&parent=101"}],"curies":[{"name":"wp","href":"https:\/\/api.w.org\/{rel}","templated":true}]}}