{"id":65,"date":"2013-09-11T21:23:54","date_gmt":"2013-09-11T19:23:54","guid":{"rendered":"http:\/\/www.hongkong-express.be\/?page_id=65"},"modified":"2026-05-12T21:39:56","modified_gmt":"2026-05-12T19:39:56","slug":"volailles","status":"publish","type":"page","link":"https:\/\/hongkong-express.be\/?page_id=65","title":{"rendered":"Volailles"},"content":{"rendered":"<p style=\"text-align: center;\"><strong>Tous nos plats sont servis avec du riz saut\u00e9 ou riz nature<\/strong><\/p>\n<table border=\"0\" width=\"450\" cellspacing=\"0\" cellpadding=\"0\">\n<tbody>\n<tr>\n<td valign=\"top\" width=\"47\">40.<\/td>\n<td valign=\"top\" width=\"350\">Chop-Suey au poulet<\/td>\n<td valign=\"top\" width=\"83\">11,00 \u20ac<\/td>\n<\/tr>\n<tr>\n<td valign=\"top\" width=\"47\">42.<\/td>\n<td valign=\"top\" width=\"350\">Poulet aux noix de cajou<\/td>\n<td valign=\"top\" width=\"83\">14,00 \u20ac<\/td>\n<\/tr>\n<tr>\n<td valign=\"top\" width=\"47\">43.<\/td>\n<td valign=\"top\" width=\"350\">Beignets de poulet \u00e0 la sauce aigre-doux<\/td>\n<td valign=\"top\" width=\"83\">12,50 \u20ac<\/td>\n<\/tr>\n<tr>\n<td valign=\"top\" width=\"47\">44.<\/td>\n<td valign=\"top\" width=\"350\">Beignets de poulet \u00e0 la sauce citronn\u00e9e<\/td>\n<td valign=\"top\" width=\"83\">14,00 \u20ac<\/td>\n<\/tr>\n<tr>\n<td valign=\"top\" width=\"47\">44A.<\/td>\n<td valign=\"top\" width=\"350\">Eminc\u00e9 de poulet \u00e0 la citronelle<\/td>\n<td valign=\"top\" width=\"83\">14,00 \u20ac<\/td>\n<\/tr>\n<tr>\n<td valign=\"top\" width=\"47\">45.<\/td>\n<td valign=\"top\" width=\"350\">Poulet \u00e0 la sauce curry<\/td>\n<td valign=\"top\" width=\"83\">12,50 \u20ac<\/td>\n<\/tr>\n<tr>\n<td valign=\"top\" width=\"47\">45A.<\/td>\n<td valign=\"top\" width=\"350\">Eminc\u00e9 de poulet au curry et lait de coco<\/td>\n<td valign=\"top\" width=\"83\">14,00 \u20ac<\/td>\n<\/tr>\n<tr>\n<td valign=\"top\" width=\"47\">46.<\/td>\n<td valign=\"top\" width=\"350\">Poulet aux ananas<\/td>\n<td valign=\"top\" width=\"83\">12,00 \u20ac<\/td>\n<\/tr>\n<tr>\n<td valign=\"top\" width=\"47\">47.<\/td>\n<td valign=\"top\" width=\"350\">Poulet aux champignons chinois<\/td>\n<td valign=\"top\" width=\"83\">14,00 \u20ac<\/td>\n<\/tr>\n<tr>\n<td valign=\"top\" width=\"47\">48.<\/td>\n<td valign=\"top\" width=\"350\">Beignets de poulet frits<\/td>\n<td valign=\"top\" width=\"83\">13,50 \u20ac<\/td>\n<\/tr>\n<tr>\n<td valign=\"top\" width=\"47\">49.<\/td>\n<td valign=\"top\" width=\"350\">Poulet \u00e0 la sauce piquante<\/td>\n<td valign=\"top\" width=\"83\">14,00 \u20ac<\/td>\n<\/tr>\n<tr>\n<td valign=\"top\" width=\"47\">50A.<\/td>\n<td valign=\"top\" width=\"350\">Poulet aux l\u00e9gumes vari\u00e9s<\/td>\n<td valign=\"top\" width=\"83\">14,00 \u20ac<\/td>\n<\/tr>\n<tr>\n<td valign=\"top\" width=\"47\">50C.<\/td>\n<td valign=\"top\" width=\"350\">Poulet \u00e0 la sauce barbecue<\/td>\n<td valign=\"top\" width=\"83\">14,00 \u20ac<\/td>\n<\/tr>\n<tr>\n<td valign=\"top\" width=\"47\">51.<\/td>\n<td valign=\"top\" width=\"350\">Magret de canard \u00e0 l&rsquo;orange<\/td>\n<td valign=\"top\" width=\"83\">20,00 \u20ac<\/td>\n<\/tr>\n<tr>\n<td valign=\"top\" width=\"47\">53.<\/td>\n<td valign=\"top\" width=\"350\">Canard r\u00f4ti aux l\u00e9gumes vari\u00e9s<\/td>\n<td valign=\"top\" width=\"83\">20,00 \u20ac<\/td>\n<\/tr>\n<tr>\n<td valign=\"top\" width=\"47\">54.<\/td>\n<td valign=\"top\" width=\"350\">Canard r\u00f4ti aux ananas<\/td>\n<td valign=\"top\" width=\"83\">20,00 \u20ac<\/td>\n<\/tr>\n<tr>\n<td valign=\"top\" width=\"47\">55.<\/td>\n<td valign=\"top\" width=\"350\">Canard r\u00f4ti \u00e0 la sauce piquante<\/td>\n<td valign=\"top\" width=\"83\">20,00 \u20ac<\/td>\n<\/tr>\n<tr>\n<td valign=\"top\" width=\"47\">56.<\/td>\n<td valign=\"top\" width=\"350\">Canard aux huit d\u00e9lices<\/td>\n<td valign=\"top\" width=\"83\">25,00 \u20ac<\/td>\n<\/tr>\n<tr>\n<td valign=\"top\" width=\"47\">57.<\/td>\n<td valign=\"top\" width=\"350\">Canard laqu\u00e9 (avec cr\u00e8pe)<\/td>\n<td valign=\"top\" width=\"83\">20,00 \u20ac<\/td>\n<\/tr>\n<tr>\n<td valign=\"top\" width=\"47\">58.<\/td>\n<td valign=\"top\" width=\"350\">Canard croustillant<\/td>\n<td valign=\"top\" width=\"83\">20,00 \u20ac<\/td>\n<\/tr>\n<tr>\n<td valign=\"top\" width=\"47\">59.<\/td>\n<td valign=\"top\" width=\"350\">Canard r\u00f4ti aux champignons chinois<\/td>\n<td valign=\"top\" width=\"83\">20,00 \u20ac<\/td>\n<\/tr>\n<tr>\n<td valign=\"top\" width=\"47\">59A.<\/td>\n<td valign=\"top\" width=\"350\">Canard r\u00f4ti \u00e0 la sauce curry<\/td>\n<td valign=\"top\" width=\"83\">20,00 \u20ac<\/td>\n<\/tr>\n<tr>\n<td valign=\"top\" width=\"47\">59B.<\/td>\n<td valign=\"top\" width=\"350\">Canard r\u00f4ti \u00e0 la sauce aigre-douce<\/td>\n<td valign=\"top\" width=\"83\">20,00 \u20ac<\/td>\n<\/tr>\n<\/tbody>\n<\/table>\n","protected":false},"excerpt":{"rendered":"<p>Tous nos plats sont servis avec du riz saut\u00e9 ou riz nature 40. Chop-Suey au poulet 11,00 \u20ac 42. Poulet aux noix de cajou 14,00 \u20ac 43. Beignets de poulet \u00e0 la sauce aigre-doux 12,50 \u20ac 44. Beignets de poulet &hellip; <a class=\"more-link\" href=\"https:\/\/hongkong-express.be\/?page_id=65\">Lire la suite <span class=\"meta-nav\">&rarr;<\/span><\/a><\/p>\n","protected":false},"author":1,"featured_media":0,"parent":0,"menu_order":0,"comment_status":"closed","ping_status":"closed","template":"","meta":{"footnotes":""},"class_list":["post-65","page","type-page","status-publish","hentry"],"_links":{"self":[{"href":"https:\/\/hongkong-express.be\/index.php?rest_route=\/wp\/v2\/pages\/65","targetHints":{"allow":["GET"]}}],"collection":[{"href":"https:\/\/hongkong-express.be\/index.php?rest_route=\/wp\/v2\/pages"}],"about":[{"href":"https:\/\/hongkong-express.be\/index.php?rest_route=\/wp\/v2\/types\/page"}],"author":[{"embeddable":true,"href":"https:\/\/hongkong-express.be\/index.php?rest_route=\/wp\/v2\/users\/1"}],"replies":[{"embeddable":true,"href":"https:\/\/hongkong-express.be\/index.php?rest_route=%2Fwp%2Fv2%2Fcomments&post=65"}],"version-history":[{"count":22,"href":"https:\/\/hongkong-express.be\/index.php?rest_route=\/wp\/v2\/pages\/65\/revisions"}],"predecessor-version":[{"id":851,"href":"https:\/\/hongkong-express.be\/index.php?rest_route=\/wp\/v2\/pages\/65\/revisions\/851"}],"wp:attachment":[{"href":"https:\/\/hongkong-express.be\/index.php?rest_route=%2Fwp%2Fv2%2Fmedia&parent=65"}],"curies":[{"name":"wp","href":"https:\/\/api.w.org\/{rel}","templated":true}]}}