{"id":691,"date":"2021-12-03T20:47:58","date_gmt":"2021-12-03T19:47:58","guid":{"rendered":"http:\/\/hongkong-express.be\/?page_id=691"},"modified":"2021-12-03T21:12:11","modified_gmt":"2021-12-03T20:12:11","slug":"politique-de-confidentialite","status":"publish","type":"page","link":"https:\/\/hongkong-express.be\/?page_id=691","title":{"rendered":"Politique de confidentialit\u00e9"},"content":{"rendered":"\r\n<p><strong>Qui sommes-nous\u00a0?<\/strong><\/p>\r\n<p>\r\n\r\n<\/p>\r\n<p>L\u2019adresse de notre site est : https:\/\/hongkong-express.be. Site du traiteur Hong Kong Express \u00e0 Wavre.<\/p>\r\n<p>\r\n\r\n<\/p>\r\n<p><strong>Commentaires<\/strong><\/p>\r\n<p>\r\n\r\n<\/p>\r\n<p>Quand vous laissez un commentaire sur notre site, les donn\u00e9es inscrites dans le formulaire de commentaire, mais aussi votre adresse IP et l\u2019agent utilisateur de votre navigateur sont collect\u00e9s pour nous aider \u00e0 la d\u00e9tection des commentaires ind\u00e9sirables.<\/p>\r\n<p>\r\n\r\n<\/p>\r\n<p><strong>Cookies<\/strong><\/p>\r\n<p>\r\n\r\n\r\n\r\n<\/p>\r\n<p>Si vous vous rendez sur la page de connexion, un cookie temporaire sera cr\u00e9\u00e9 afin de d\u00e9terminer si votre navigateur accepte les cookies. Il ne contient pas de donn\u00e9es personnelles et sera supprim\u00e9 automatiquement \u00e0 la fermeture de votre navigateur.<\/p>\r\n<p>\r\n\r\n<\/p>\r\n<p>Lorsque vous vous connecterez, nous mettrons en place un certain nombre de cookies pour enregistrer vos informations de connexion et vos pr\u00e9f\u00e9rences d\u2019\u00e9cran.<\/p>\r\n<p>\r\n\r\n<\/p>\r\n<p>En modifiant ou en publiant une publication, un cookie suppl\u00e9mentaire sera enregistr\u00e9 dans votre navigateur. Ce cookie ne comprend aucune donn\u00e9e personnelle.<\/p>\r\n<p>\r\n\r\n<\/p>\r\n<p><strong>Contenu embarqu\u00e9 depuis d\u2019autres sites<\/strong><\/p>\r\n<p>\r\n\r\n<\/p>\r\n<p>Les articles de ce site peuvent inclure des contenus int\u00e9gr\u00e9s (par exemple des vid\u00e9os, images, articles\u2026). Le contenu int\u00e9gr\u00e9 depuis d\u2019autres sites se comporte de la m\u00eame mani\u00e8re que si le visiteur se rendait sur cet autre site. Utilisation et transmission de vos donn\u00e9es personnelles.<\/p>\r\n\r\n\r\n\r\n\r\n\r\n\r\n\r\n\r\n\r\n\r\n","protected":false},"excerpt":{"rendered":"<p>Qui sommes-nous\u00a0? L\u2019adresse de notre site est : https:\/\/hongkong-express.be. Site du traiteur Hong Kong Express \u00e0 Wavre. Commentaires Quand vous laissez un commentaire sur notre site, les donn\u00e9es inscrites dans le formulaire de commentaire, mais aussi votre adresse IP et &hellip; <a class=\"more-link\" href=\"https:\/\/hongkong-express.be\/?page_id=691\">Lire la suite <span class=\"meta-nav\">&rarr;<\/span><\/a><\/p>\n","protected":false},"author":1,"featured_media":0,"parent":0,"menu_order":0,"comment_status":"closed","ping_status":"closed","template":"","meta":{"footnotes":""},"class_list":["post-691","page","type-page","status-publish","hentry"],"_links":{"self":[{"href":"https:\/\/hongkong-express.be\/index.php?rest_route=\/wp\/v2\/pages\/691","targetHints":{"allow":["GET"]}}],"collection":[{"href":"https:\/\/hongkong-express.be\/index.php?rest_route=\/wp\/v2\/pages"}],"about":[{"href":"https:\/\/hongkong-express.be\/index.php?rest_route=\/wp\/v2\/types\/page"}],"author":[{"embeddable":true,"href":"https:\/\/hongkong-express.be\/index.php?rest_route=\/wp\/v2\/users\/1"}],"replies":[{"embeddable":true,"href":"https:\/\/hongkong-express.be\/index.php?rest_route=%2Fwp%2Fv2%2Fcomments&post=691"}],"version-history":[{"count":3,"href":"https:\/\/hongkong-express.be\/index.php?rest_route=\/wp\/v2\/pages\/691\/revisions"}],"predecessor-version":[{"id":703,"href":"https:\/\/hongkong-express.be\/index.php?rest_route=\/wp\/v2\/pages\/691\/revisions\/703"}],"wp:attachment":[{"href":"https:\/\/hongkong-express.be\/index.php?rest_route=%2Fwp%2Fv2%2Fmedia&parent=691"}],"curies":[{"name":"wp","href":"https:\/\/api.w.org\/{rel}","templated":true}]}}