{"id":90,"date":"2013-09-12T20:01:39","date_gmt":"2013-09-12T18:01:39","guid":{"rendered":"http:\/\/www.hongkong-express.be\/?page_id=90"},"modified":"2023-02-19T13:54:51","modified_gmt":"2023-02-19T12:54:51","slug":"menu-a1","status":"publish","type":"page","link":"https:\/\/hongkong-express.be\/?page_id=90","title":{"rendered":"Menu A1"},"content":{"rendered":"<p><strong>Menu A1 \u00e0 17,00 \u20ac (pour 1 personne)<\/strong><\/p>\n<ul>\n<li>Potage au poivre oriental ou potage poulet aux cheveux d&rsquo;ange<\/li>\n<li>Croquettes de soja et sat\u00e9 de porc<\/li>\n<li>Chop-Suey au boeuf ou Beignets de porc \u00e0 la sauce aigre-doux<\/li>\n<li>Riz saut\u00e9 nature<\/li>\n<\/ul>\n","protected":false},"excerpt":{"rendered":"<p>Menu A1 \u00e0 17,00 \u20ac (pour 1 personne) Potage au poivre oriental ou potage poulet aux cheveux d&rsquo;ange Croquettes de soja et sat\u00e9 de porc Chop-Suey au boeuf ou Beignets de porc \u00e0 la sauce aigre-doux Riz saut\u00e9 nature &hellip; <a class=\"more-link\" href=\"https:\/\/hongkong-express.be\/?page_id=90\">Lire la suite <span class=\"meta-nav\">&rarr;<\/span><\/a><\/p>\n","protected":false},"author":1,"featured_media":0,"parent":0,"menu_order":0,"comment_status":"closed","ping_status":"closed","template":"","meta":{"footnotes":""},"class_list":["post-90","page","type-page","status-publish","hentry"],"_links":{"self":[{"href":"https:\/\/hongkong-express.be\/index.php?rest_route=\/wp\/v2\/pages\/90","targetHints":{"allow":["GET"]}}],"collection":[{"href":"https:\/\/hongkong-express.be\/index.php?rest_route=\/wp\/v2\/pages"}],"about":[{"href":"https:\/\/hongkong-express.be\/index.php?rest_route=\/wp\/v2\/types\/page"}],"author":[{"embeddable":true,"href":"https:\/\/hongkong-express.be\/index.php?rest_route=\/wp\/v2\/users\/1"}],"replies":[{"embeddable":true,"href":"https:\/\/hongkong-express.be\/index.php?rest_route=%2Fwp%2Fv2%2Fcomments&post=90"}],"version-history":[{"count":13,"href":"https:\/\/hongkong-express.be\/index.php?rest_route=\/wp\/v2\/pages\/90\/revisions"}],"predecessor-version":[{"id":759,"href":"https:\/\/hongkong-express.be\/index.php?rest_route=\/wp\/v2\/pages\/90\/revisions\/759"}],"wp:attachment":[{"href":"https:\/\/hongkong-express.be\/index.php?rest_route=%2Fwp%2Fv2%2Fmedia&parent=90"}],"curies":[{"name":"wp","href":"https:\/\/api.w.org\/{rel}","templated":true}]}}