{"id":93,"date":"2013-09-12T20:06:12","date_gmt":"2013-09-12T18:06:12","guid":{"rendered":"http:\/\/www.hongkong-express.be\/?page_id=93"},"modified":"2023-02-19T13:55:01","modified_gmt":"2023-02-19T12:55:01","slug":"menu-a2","status":"publish","type":"page","link":"https:\/\/hongkong-express.be\/?page_id=93","title":{"rendered":"Menu A2"},"content":{"rendered":"<p><strong>Menu A2 \u00e0 48,00 \u20ac (pour 2 personnes)<\/strong><\/p>\n<ul>\n<li>Potage au poivre oriental ou potage nids d&rsquo;hirondelles<\/li>\n<li>Croquettes vietnamiennes et sat\u00e9 de porc et curry trigon<\/li>\n<li>Beignets de scampis \u00e0 la sauce aigre-douce<\/li>\n<li>Filet de boeuf \u00e0 la sauce piquante<\/li>\n<li>Nouilles saut\u00e9es au poulet<\/li>\n<li>Riz saut\u00e9 cantonnais<\/li>\n<\/ul>\n","protected":false},"excerpt":{"rendered":"<p>Menu A2 \u00e0 48,00 \u20ac (pour 2 personnes) Potage au poivre oriental ou potage nids d&rsquo;hirondelles Croquettes vietnamiennes et sat\u00e9 de porc et curry trigon Beignets de scampis \u00e0 la sauce aigre-douce Filet de boeuf \u00e0 la sauce piquante Nouilles &hellip; <a class=\"more-link\" href=\"https:\/\/hongkong-express.be\/?page_id=93\">Lire la suite <span class=\"meta-nav\">&rarr;<\/span><\/a><\/p>\n","protected":false},"author":1,"featured_media":0,"parent":0,"menu_order":0,"comment_status":"closed","ping_status":"closed","template":"","meta":{"footnotes":""},"class_list":["post-93","page","type-page","status-publish","hentry"],"_links":{"self":[{"href":"https:\/\/hongkong-express.be\/index.php?rest_route=\/wp\/v2\/pages\/93","targetHints":{"allow":["GET"]}}],"collection":[{"href":"https:\/\/hongkong-express.be\/index.php?rest_route=\/wp\/v2\/pages"}],"about":[{"href":"https:\/\/hongkong-express.be\/index.php?rest_route=\/wp\/v2\/types\/page"}],"author":[{"embeddable":true,"href":"https:\/\/hongkong-express.be\/index.php?rest_route=\/wp\/v2\/users\/1"}],"replies":[{"embeddable":true,"href":"https:\/\/hongkong-express.be\/index.php?rest_route=%2Fwp%2Fv2%2Fcomments&post=93"}],"version-history":[{"count":14,"href":"https:\/\/hongkong-express.be\/index.php?rest_route=\/wp\/v2\/pages\/93\/revisions"}],"predecessor-version":[{"id":761,"href":"https:\/\/hongkong-express.be\/index.php?rest_route=\/wp\/v2\/pages\/93\/revisions\/761"}],"wp:attachment":[{"href":"https:\/\/hongkong-express.be\/index.php?rest_route=%2Fwp%2Fv2%2Fmedia&parent=93"}],"curies":[{"name":"wp","href":"https:\/\/api.w.org\/{rel}","templated":true}]}}